{"id":8333,"date":"2023-08-09T17:12:22","date_gmt":"2023-08-09T14:12:22","guid":{"rendered":"https:\/\/m-d2.com.tr\/proses\/"},"modified":"2024-05-09T12:58:50","modified_gmt":"2024-05-09T09:58:50","slug":"process","status":"publish","type":"page","link":"https:\/\/m-d2.com.tr\/en\/process\/","title":{"rendered":"PROCESS"},"content":{"rendered":"<section class=\"l-section wpb_row height_custom\" id=\"intro\"><div class=\"l-section-h i-cf\"><div class=\"g-cols vc_row via_flex valign_top type_default stacking_default\"><div class=\"vc_col-sm-12 wpb_column vc_column_container\"><div class=\"vc_column-inner\"><div class=\"wpb_wrapper\"><div class=\"wpb_text_column\"><div class=\"wpb_wrapper\"><h2>CUSTOMIZED PROJECTS &#8211; PROCESS<\/h2>\n<\/div><\/div><div class=\"w-separator size_small\"><\/div><div class=\"w-tabs style_default switch_click accordion remove_indents\" style=\"--sections-title-size:1.4rem\"><div class=\"w-tabs-sections titles-align_none icon_chevron cpos_right\"><div class=\"w-tabs-section active\" id=\"x23d\"><button class=\"w-tabs-section-header active\" aria-controls=\"content-x23d\" aria-expanded=\"true\"><div class=\"w-tabs-section-title\">2024 &#8211; Water Recycling System<\/div><div class=\"w-tabs-section-control\"><\/div><\/button><div  class=\"w-tabs-section-content\" id=\"content-x23d\"><div class=\"w-tabs-section-content-h i-cf\"><div class=\"wpb_text_column\"><div class=\"wpb_wrapper\"><p><strong>Company:<\/strong> ALTINAY<br \/>\n<strong>Country<\/strong>: T\u00fcrkiye<br \/>\n<strong>Project Detail:<\/strong> The development of the &#8220;Water Recycling System,&#8221; which is a subsystem of the Robotic Sludge Cleaning System.<br \/>\n<strong>Project Status:<\/strong> Ongoing<\/p>\n<\/div><\/div><\/div><\/div><\/div><div class=\"w-tabs-section\" id=\"w492\"><button class=\"w-tabs-section-header\" aria-controls=\"content-w492\" aria-expanded=\"false\"><div class=\"w-tabs-section-title\">2023 &#8211; ECS Test Altyap\u0131s\u0131 Kavramsal Tasar\u0131m<\/div><div class=\"w-tabs-section-control\"><\/div><\/button><div  class=\"w-tabs-section-content\" id=\"content-w492\"><div class=\"w-tabs-section-content-h i-cf\"><div class=\"wpb_text_column\"><div class=\"wpb_wrapper\"><p><strong>Company:<\/strong> TASECS<br \/>\n<strong>Country<\/strong>: T\u00fcrkiye<br \/>\n<strong>Project Detail:<\/strong> Conceptual design development for the Environmental Control System Test Facility<br \/>\n<strong>Project Status:<\/strong> Completed<\/p>\n<\/div><\/div><\/div><\/div><\/div><div class=\"w-tabs-section\" id=\"v6a5\"><button class=\"w-tabs-section-header\" aria-controls=\"content-v6a5\" aria-expanded=\"false\"><div class=\"w-tabs-section-title\">2023 &#8211; R&amp;D Scale Boiling and Impregnation Equipment<\/div><div class=\"w-tabs-section-control\"><\/div><\/button><div  class=\"w-tabs-section-content\" id=\"content-v6a5\"><div class=\"w-tabs-section-content-h i-cf\"><div class=\"wpb_text_column\"><div class=\"wpb_wrapper\"><p><strong>Company:<\/strong> ROKETSAN<br \/>\n<strong>Country<\/strong>: T\u00fcrkiye<br \/>\n<strong>Project Detail:<\/strong> Equipment for the absorption of chemicals in solution by products<br \/>\n<strong>Project Status:<\/strong> Completed<\/p>\n<\/div><\/div><\/div><\/div><\/div><div class=\"w-tabs-section\" id=\"p9a0\"><button class=\"w-tabs-section-header\" aria-controls=\"content-p9a0\" aria-expanded=\"false\"><div class=\"w-tabs-section-title\">2022 &#8211; Solution Preparation<\/div><div class=\"w-tabs-section-control\"><\/div><\/button><div  class=\"w-tabs-section-content\" id=\"content-p9a0\"><div class=\"w-tabs-section-content-h i-cf\"><div class=\"wpb_text_column\"><div class=\"wpb_wrapper\"><p><strong>Company:<\/strong> ROKETSAN<br \/>\n<strong>Country<\/strong>: T\u00fcrkiye<br \/>\n<strong>Project Detail:<\/strong> Design, production, and installation of a system capable of preparing sodium carbonate-water solutions at different concentrations.<br \/>\n<strong>Project Status:<\/strong> Completed<\/p>\n<\/div><\/div><\/div><\/div><\/div><div class=\"w-tabs-section\" id=\"nbe7\"><button class=\"w-tabs-section-header\" aria-controls=\"content-nbe7\" aria-expanded=\"false\"><div class=\"w-tabs-section-title\">2022 &#8211; SAVTS<\/div><div class=\"w-tabs-section-control\"><\/div><\/button><div  class=\"w-tabs-section-content\" id=\"content-nbe7\"><div class=\"w-tabs-section-content-h i-cf\"><div class=\"wpb_text_column\"><div class=\"wpb_wrapper\"><p><strong>Company:<\/strong> ROKETSAN<br \/>\n<strong>Country:<\/strong> T\u00fcrkiye<br \/>\n<strong>Project Detail:<\/strong> Design, production, and installation of an analysis\/detection system for HCL being present in dirty and humid gas containing water droplets and solid particles.<br \/>\n<strong>Project Status:<\/strong> Completed<\/p>\n<\/div><\/div><\/div><\/div><\/div><div class=\"w-tabs-section\" id=\"oe80\"><button class=\"w-tabs-section-header\" aria-controls=\"content-oe80\" aria-expanded=\"false\"><div class=\"w-tabs-section-title\">2022 &#8211; Calibration of Servo Actuators<\/div><div class=\"w-tabs-section-control\"><\/div><\/button><div  class=\"w-tabs-section-content\" id=\"content-oe80\"><div class=\"w-tabs-section-content-h i-cf\"><div class=\"wpb_text_column\"><div class=\"wpb_wrapper\"><p><strong>Company:<\/strong> ROKETSAN<br \/>\n<strong>Country:<\/strong> T\u00fcrkiye<br \/>\n<strong>Project Detail:<\/strong> Design, production, installation, and qualification of an high precision test system for the calibration of the test unit that is used to provide the forces and moments encountered during static test of large rocket motors.<br \/>\n<strong>Project Status:<\/strong> Completed<\/p>\n<\/div><\/div><\/div><\/div><\/div><div class=\"w-tabs-section\" id=\"s0a4\"><button class=\"w-tabs-section-header\" aria-controls=\"content-s0a4\" aria-expanded=\"false\"><div class=\"w-tabs-section-title\">2022 &#8211; Alignment Carts<\/div><div class=\"w-tabs-section-control\"><\/div><\/button><div  class=\"w-tabs-section-content\" id=\"content-s0a4\"><div class=\"w-tabs-section-content-h i-cf\"><div class=\"wpb_text_column\"><div class=\"wpb_wrapper\"><p><strong>Company:<\/strong> ROKETSAN<br \/>\n<strong>Country:<\/strong> T\u00fcrkiye<br \/>\n<strong>Project Detail:<\/strong> Equipment used for the precise placement of test objects during the preparation phase of static tests.<br \/>\n<strong>Project Status:<\/strong> Ongoing<\/p>\n<\/div><\/div><\/div><\/div><\/div><div class=\"w-tabs-section\" id=\"l2f8\"><button class=\"w-tabs-section-header\" aria-controls=\"content-l2f8\" aria-expanded=\"false\"><div class=\"w-tabs-section-title\">2022 &#8211; Boiling and Liquid Drain Equipment<\/div><div class=\"w-tabs-section-control\"><\/div><\/button><div  class=\"w-tabs-section-content\" id=\"content-l2f8\"><div class=\"w-tabs-section-content-h i-cf\"><div class=\"wpb_text_column\"><div class=\"wpb_wrapper\"><p><strong>Company:<\/strong> ROKETSAN<br \/>\n<strong>Country:<\/strong> T\u00fcrkiye<br \/>\n<strong>Project Detail:<\/strong> Equipment designed to facilitate and control the absorption of chemicals in the solution by the immersed articles.<br \/>\n<strong>Project Status:<\/strong> Completed<\/p>\n<\/div><\/div><\/div><\/div><\/div><div class=\"w-tabs-section\" id=\"w514\"><button class=\"w-tabs-section-header\" aria-controls=\"content-w514\" aria-expanded=\"false\"><div class=\"w-tabs-section-title\">2020 &#8211; Neutralization Infrastructure Development<\/div><div class=\"w-tabs-section-control\"><\/div><\/button><div  class=\"w-tabs-section-content\" id=\"content-w514\"><div class=\"w-tabs-section-content-h i-cf\"><div class=\"wpb_text_column\"><div class=\"wpb_wrapper\"><p><strong>Company:<\/strong> ROKETSAN<br \/>\n<strong>Country:<\/strong> T\u00fcrkiye<br \/>\n<strong>Project Detail:<\/strong> Neutralization system for acid gases generated during the static test of large-scale rocket motors.<br \/>\n<strong>Project Status:<\/strong> Ongoing<\/p>\n<\/div><\/div><\/div><\/div><\/div><div class=\"w-tabs-section\" id=\"g73c\"><button class=\"w-tabs-section-header\" aria-controls=\"content-g73c\" aria-expanded=\"false\"><div class=\"w-tabs-section-title\">2016 &#8211; Explosive Unloading System<\/div><div class=\"w-tabs-section-control\"><\/div><\/button><div  class=\"w-tabs-section-content\" id=\"content-g73c\"><div class=\"w-tabs-section-content-h i-cf\"><div class=\"wpb_text_column\"><div class=\"wpb_wrapper\"><p><strong>Company:<\/strong> Alt\u0131nay<br \/>\n<strong>Country:<\/strong> T\u00fcrkiye<br \/>\n<strong>Project Detail:<\/strong> Design of a system used to discharge explosives from large caliber ammunition. Hot water jet cleanign.<br \/>\n<strong>Project Status:<\/strong> Completed<\/p>\n<\/div><\/div><\/div><\/div><\/div><div class=\"w-tabs-section\" id=\"s945\"><button class=\"w-tabs-section-header\" aria-controls=\"content-s945\" aria-expanded=\"false\"><div class=\"w-tabs-section-title\">2016 &#8211; Pink Water Purification System<\/div><div class=\"w-tabs-section-control\"><\/div><\/button><div  class=\"w-tabs-section-content\" id=\"content-s945\"><div class=\"w-tabs-section-content-h i-cf\"><div class=\"wpb_text_column\"><div class=\"wpb_wrapper\"><p><strong>Company:<\/strong> Alt\u0131nay<br \/>\n<strong>Country:<\/strong> T\u00fcrkiye<br \/>\n<strong>Project Detail:<\/strong> Development of a system for the purification of waste water generated during ammunition recovery (Pink\/red water).<br \/>\n<strong>Project Status:<\/strong> Completed<\/p>\n<\/div><\/div><\/div><\/div><\/div><div class=\"w-tabs-section\" id=\"mb63\"><button class=\"w-tabs-section-header\" aria-controls=\"content-mb63\" aria-expanded=\"false\"><div class=\"w-tabs-section-title\">2015 &#8211; Particle Wrapping System<\/div><div class=\"w-tabs-section-control\"><\/div><\/button><div  class=\"w-tabs-section-content\" id=\"content-mb63\"><div class=\"w-tabs-section-content-h i-cf\"><div class=\"wpb_text_column\"><div class=\"wpb_wrapper\"><p><strong>Company:<\/strong> ROKETSAN<br \/>\n<strong>Country:<\/strong> T\u00fcrkiye<br \/>\n<strong>Project Detail:<\/strong> An automatic wrapping system that directs and covers particles onto a cylindrical structure.<br \/>\n<strong>Project Status:<\/strong> Completed<\/p>\n<\/div><\/div><\/div><\/div><\/div><div class=\"w-tabs-section\" id=\"cda6\"><button class=\"w-tabs-section-header\" aria-controls=\"content-cda6\" aria-expanded=\"false\"><div class=\"w-tabs-section-title\">2015 &#8211; SRPF Production Line Installation<\/div><div class=\"w-tabs-section-control\"><\/div><\/button><div  class=\"w-tabs-section-content\" id=\"content-cda6\"><div class=\"w-tabs-section-content-h i-cf\"><div class=\"wpb_text_column\"><div class=\"wpb_wrapper\"><p><strong>Company:<\/strong> ROKETSAN<br \/>\n<strong>Country:<\/strong> T\u00fcrkiye<br \/>\n<strong>Project Detail:<\/strong> Providing equipment layout, piping, and installation services for a production facility established on the ROKETSAN campus.<br \/>\n<strong>Project Status:<\/strong> Completed<\/p>\n<\/div><\/div><\/div><\/div><\/div><\/div><\/div><\/div><\/div><\/div><\/div><\/div><\/section>\n","protected":false},"excerpt":{"rendered":"CUSTOMIZED PROJECTS &#8211; PROCESS 2024 &#8211; Water Recycling SystemCompany: ALTINAY Country: T\u00fcrkiye Project Detail: The development of the &#8220;Water Recycling System,&#8221; which is a subsystem of the Robotic Sludge Cleaning System. Project Status: Ongoing 2023 &#8211; ECS Test Altyap\u0131s\u0131 Kavramsal Tasar\u0131mCompany: TASECS Country: T\u00fcrkiye Project Detail: Conceptual design development for the Environmental Control System Test...","protected":false},"author":1,"featured_media":0,"parent":0,"menu_order":0,"comment_status":"closed","ping_status":"closed","template":"","meta":{"footnotes":""},"class_list":["post-8333","page","type-page","status-publish","hentry"],"_links":{"self":[{"href":"https:\/\/m-d2.com.tr\/en\/wp-json\/wp\/v2\/pages\/8333","targetHints":{"allow":["GET"]}}],"collection":[{"href":"https:\/\/m-d2.com.tr\/en\/wp-json\/wp\/v2\/pages"}],"about":[{"href":"https:\/\/m-d2.com.tr\/en\/wp-json\/wp\/v2\/types\/page"}],"author":[{"embeddable":true,"href":"https:\/\/m-d2.com.tr\/en\/wp-json\/wp\/v2\/users\/1"}],"replies":[{"embeddable":true,"href":"https:\/\/m-d2.com.tr\/en\/wp-json\/wp\/v2\/comments?post=8333"}],"version-history":[{"count":6,"href":"https:\/\/m-d2.com.tr\/en\/wp-json\/wp\/v2\/pages\/8333\/revisions"}],"predecessor-version":[{"id":8473,"href":"https:\/\/m-d2.com.tr\/en\/wp-json\/wp\/v2\/pages\/8333\/revisions\/8473"}],"wp:attachment":[{"href":"https:\/\/m-d2.com.tr\/en\/wp-json\/wp\/v2\/media?parent=8333"}],"curies":[{"name":"wp","href":"https:\/\/api.w.org\/{rel}","templated":true}]}}