{"id":8324,"date":"2023-08-09T17:15:02","date_gmt":"2023-08-09T14:15:02","guid":{"rendered":"https:\/\/m-d2.com.tr\/ticari-proses\/"},"modified":"2023-08-21T12:07:35","modified_gmt":"2023-08-21T09:07:35","slug":"commercial-process","status":"publish","type":"page","link":"https:\/\/m-d2.com.tr\/en\/commercial-process\/","title":{"rendered":"PROCESS"},"content":{"rendered":"<section class=\"l-section wpb_row height_custom\" id=\"intro\"><div class=\"l-section-h i-cf\"><div class=\"g-cols vc_row via_flex valign_top type_default stacking_default\"><div class=\"vc_col-sm-12 wpb_column vc_column_container\"><div class=\"vc_column-inner\"><div class=\"wpb_wrapper\"><div class=\"wpb_text_column\"><div class=\"wpb_wrapper\"><h2>COMMERCIAL PROJECTS &#8211; PROCESS<\/h2>\n<\/div><\/div><div class=\"w-separator size_small\"><\/div><div class=\"w-tabs style_default switch_click accordion remove_indents\" style=\"--sections-title-size:1.4rem\"><div class=\"w-tabs-sections titles-align_none icon_chevron cpos_right\"><div class=\"w-tabs-section active\" id=\"s97d\"><button class=\"w-tabs-section-header active\" aria-controls=\"content-s97d\" aria-expanded=\"true\"><div class=\"w-tabs-section-title\">2022 &#8211; PMMA Recycling Facility<\/div><div class=\"w-tabs-section-control\"><\/div><\/button><div  class=\"w-tabs-section-content\" id=\"content-s97d\"><div class=\"w-tabs-section-content-h i-cf\"><div class=\"wpb_text_column\"><div class=\"wpb_wrapper\"><p><strong>Company:<\/strong> T\u00dcB\u0130TAK (The Scientific and Technological Research Council of T\u00fcrkiye)<br \/>\n<strong>Country:<\/strong> T\u00fcrkiye<br \/>\n<strong>Project Detail:<\/strong> Installation of PMMA recycling facility (T\u00dcB\u0130TAK Project)<br \/>\n<strong>Project Status:<\/strong> Ongoing<\/p>\n<\/div><\/div><\/div><\/div><\/div><div class=\"w-tabs-section\" id=\"qbbb\"><button class=\"w-tabs-section-header\" aria-controls=\"content-qbbb\" aria-expanded=\"false\"><div class=\"w-tabs-section-title\">2019 Medical Hose Assembly Line<\/div><div class=\"w-tabs-section-control\"><\/div><\/button><div  class=\"w-tabs-section-content\" id=\"content-qbbb\"><div class=\"w-tabs-section-content-h i-cf\"><div class=\"wpb_text_column\"><div class=\"wpb_wrapper\"><p><strong>Company:<\/strong> EMCE<br \/>\n<strong>Country:<\/strong> T\u00fcrkiye<br \/>\n<strong>Project Detail:<\/strong> Assembly line designed and manufactured for the automated production of hose sets used in dialysis processes<br \/>\n<strong>Project Status:<\/strong> Completed<\/p>\n<\/div><\/div><\/div><\/div><\/div><div class=\"w-tabs-section\" id=\"sdc9\"><button class=\"w-tabs-section-header\" aria-controls=\"content-sdc9\" aria-expanded=\"false\"><div class=\"w-tabs-section-title\">2019 &#8211; Innovative Acrylic (PMMA &#8211; Poly(methyl methacrylate)) Recycling Technology Complying with Regulations<\/div><div class=\"w-tabs-section-control\"><\/div><\/button><div  class=\"w-tabs-section-content\" id=\"content-sdc9\"><div class=\"w-tabs-section-content-h i-cf\"><div class=\"wpb_text_column\"><div class=\"wpb_wrapper\"><p><strong>Company:<\/strong> T\u00dcB\u0130TAK Teydeb Supported Project<br \/>\n<strong>Country:<\/strong> T\u00fcrkiye<br \/>\n<strong>Project Detail:<\/strong> Development of an innovative PMMA recycling process. Project awarded financial support from European Framework Program, Phase 1<br \/>\n<strong>Project Status:<\/strong> Completed<\/p>\n<\/div><\/div><\/div><\/div><\/div><div class=\"w-tabs-section\" id=\"rffe\"><button class=\"w-tabs-section-header\" aria-controls=\"content-rffe\" aria-expanded=\"false\"><div class=\"w-tabs-section-title\">2018 &#8211; Liquid Sodium Hydroxide Production<\/div><div class=\"w-tabs-section-control\"><\/div><\/button><div  class=\"w-tabs-section-content\" id=\"content-rffe\"><div class=\"w-tabs-section-content-h i-cf\"><div class=\"wpb_text_column\"><div class=\"wpb_wrapper\"><p><strong>Company:<\/strong> Petrichor Co. (Erbil)<br \/>\n<strong>Country:<\/strong> Iraq<br \/>\n<strong>Project Detail:<\/strong> Design and procurement of liquid sodium hydroxide production facility. The product is used in oil wells.<br \/>\n<strong>Project Status:<\/strong> Completed<\/p>\n<\/div><\/div><\/div><\/div><\/div><div class=\"w-tabs-section\" id=\"b214\"><button class=\"w-tabs-section-header\" aria-controls=\"content-b214\" aria-expanded=\"false\"><div class=\"w-tabs-section-title\">2018 &#8211; Pilot-Scale Polymer Pyrolysis System<\/div><div class=\"w-tabs-section-control\"><\/div><\/button><div  class=\"w-tabs-section-content\" id=\"content-b214\"><div class=\"w-tabs-section-content-h i-cf\"><div class=\"wpb_text_column\"><div class=\"wpb_wrapper\"><p><strong>Company:<\/strong> T\u00dcB\u0130TAK Supported Project<br \/>\n<strong>Country:<\/strong> T\u00fcrkiye<br \/>\n<strong>Project Detail:<\/strong> Innovative pyrolysis method and pilot plant developed for producing MMA from PMMA waste (T\u00dcB\u0130TAK Project)<br \/>\n<strong>Project Status:<\/strong> Completed<\/p>\n<\/div><\/div><\/div><\/div><\/div><div class=\"w-tabs-section\" id=\"q47c\"><button class=\"w-tabs-section-header\" aria-controls=\"content-q47c\" aria-expanded=\"false\"><div class=\"w-tabs-section-title\">2012 &#8211; Triethyl Citrate Production<\/div><div class=\"w-tabs-section-control\"><\/div><\/button><div  class=\"w-tabs-section-content\" id=\"content-q47c\"><div class=\"w-tabs-section-content-h i-cf\"><div class=\"wpb_text_column\"><div class=\"wpb_wrapper\"><p><strong>Company:<\/strong> T\u00dcB\u0130TAK Teydeb<br \/>\n<strong>Country:<\/strong> T\u00fcrkiye<br \/>\n<strong>Project Detail:<\/strong> Project for the production of triethyl citrate to be used in the pharmaceutical industry<br \/>\n<strong>Project Status:<\/strong> Completed<\/p>\n<\/div><\/div><\/div><\/div><\/div><div class=\"w-tabs-section\" id=\"f6c3\"><button class=\"w-tabs-section-header\" aria-controls=\"content-f6c3\" aria-expanded=\"false\"><div class=\"w-tabs-section-title\">2012 &#8211; Low-Water Consumption Cooling Tower<\/div><div class=\"w-tabs-section-control\"><\/div><\/button><div  class=\"w-tabs-section-content\" id=\"content-f6c3\"><div class=\"w-tabs-section-content-h i-cf\"><div class=\"wpb_text_column\"><div class=\"wpb_wrapper\"><p><strong>Company:<\/strong> T\u00dcB\u0130TAK Teydeb<br \/>\n<strong>Country:<\/strong> T\u00fcrkiye<br \/>\n<strong>Project Detail:<\/strong> Innovative cooling tower developed to reduce water consumption during cooling processes (T\u00dcB\u0130TAK Project)<br \/>\n<strong>Project Status:<\/strong> Completed<\/p>\n<\/div><\/div><\/div><\/div><\/div><div class=\"w-tabs-section\" id=\"l8fc\"><button class=\"w-tabs-section-header\" aria-controls=\"content-l8fc\" aria-expanded=\"false\"><div class=\"w-tabs-section-title\">2010 &#8211; Asa\u015f Alcohol Dehydration<\/div><div class=\"w-tabs-section-control\"><\/div><\/button><div  class=\"w-tabs-section-content\" id=\"content-l8fc\"><div class=\"w-tabs-section-content-h i-cf\"><div class=\"wpb_text_column\"><div class=\"wpb_wrapper\"><p><strong>Company:<\/strong> Asa\u015f<br \/>\n<strong>Country:<\/strong> T\u00fcrkiye<br \/>\n<strong>Project Detail:<\/strong> Dehydration of alcohol solutions through pervaporation method and production of usable ethanol\/propanol mixture (Pilot plant)<br \/>\n<strong>Project Status:<\/strong> Completed<\/p>\n<\/div><\/div><\/div><\/div><\/div><div class=\"w-tabs-section\" id=\"ub38\"><button class=\"w-tabs-section-header\" aria-controls=\"content-ub38\" aria-expanded=\"false\"><div class=\"w-tabs-section-title\">2009 &#8211; Asa\u015f Heat Recovery<\/div><div class=\"w-tabs-section-control\"><\/div><\/button><div  class=\"w-tabs-section-content\" id=\"content-ub38\"><div class=\"w-tabs-section-content-h i-cf\"><div class=\"wpb_text_column\"><div class=\"wpb_wrapper\"><p><strong>Company:<\/strong> Asa\u015f<br \/>\n<strong>Country:<\/strong> T\u00fcrkiye<br \/>\n<strong>Project Detail:<\/strong> Recovery of the heat exiting from drying ovens<br \/>\n<strong>Project Status:<\/strong> Completed<\/p>\n<\/div><\/div><\/div><\/div><\/div><div class=\"w-tabs-section\" id=\"ud4b\"><button class=\"w-tabs-section-header\" aria-controls=\"content-ud4b\" aria-expanded=\"false\"><div class=\"w-tabs-section-title\">2006 &#8211; Occupational Safety Kale Nobel<\/div><div class=\"w-tabs-section-control\"><\/div><\/button><div  class=\"w-tabs-section-content\" id=\"content-ud4b\"><div class=\"w-tabs-section-content-h i-cf\"><div class=\"wpb_text_column\"><div class=\"wpb_wrapper\"><p><strong>Company:<\/strong> Kale Nobel<br \/>\n<strong>Country:<\/strong> T\u00fcrkiye<br \/>\n<strong>Project Detail:<\/strong> Design of the solvent pipeline in the production facility.<br \/>\n<strong>Project Status:<\/strong> Completed<\/p>\n<\/div><\/div><\/div><\/div><\/div><\/div><\/div><\/div><\/div><\/div><\/div><\/div><\/section>\n","protected":false},"excerpt":{"rendered":"COMMERCIAL PROJECTS &#8211; PROCESS 2022 &#8211; PMMA Recycling FacilityCompany: T\u00dcB\u0130TAK (The Scientific and Technological Research Council of T\u00fcrkiye) Country: T\u00fcrkiye Project Detail: Installation of PMMA recycling facility (T\u00dcB\u0130TAK Project) Project Status: Ongoing 2019 Medical Hose Assembly LineCompany: EMCE Country: T\u00fcrkiye Project Detail: Assembly line designed and manufactured for the automated production of hose sets used...","protected":false},"author":1,"featured_media":0,"parent":0,"menu_order":0,"comment_status":"closed","ping_status":"closed","template":"","meta":{"footnotes":""},"class_list":["post-8324","page","type-page","status-publish","hentry"],"_links":{"self":[{"href":"https:\/\/m-d2.com.tr\/en\/wp-json\/wp\/v2\/pages\/8324","targetHints":{"allow":["GET"]}}],"collection":[{"href":"https:\/\/m-d2.com.tr\/en\/wp-json\/wp\/v2\/pages"}],"about":[{"href":"https:\/\/m-d2.com.tr\/en\/wp-json\/wp\/v2\/types\/page"}],"author":[{"embeddable":true,"href":"https:\/\/m-d2.com.tr\/en\/wp-json\/wp\/v2\/users\/1"}],"replies":[{"embeddable":true,"href":"https:\/\/m-d2.com.tr\/en\/wp-json\/wp\/v2\/comments?post=8324"}],"version-history":[{"count":2,"href":"https:\/\/m-d2.com.tr\/en\/wp-json\/wp\/v2\/pages\/8324\/revisions"}],"predecessor-version":[{"id":8326,"href":"https:\/\/m-d2.com.tr\/en\/wp-json\/wp\/v2\/pages\/8324\/revisions\/8326"}],"wp:attachment":[{"href":"https:\/\/m-d2.com.tr\/en\/wp-json\/wp\/v2\/media?parent=8324"}],"curies":[{"name":"wp","href":"https:\/\/api.w.org\/{rel}","templated":true}]}}