{"id":8316,"date":"2013-05-31T11:56:39","date_gmt":"2013-05-31T08:56:39","guid":{"rendered":"https:\/\/m-d2.com.tr\/iletisim\/"},"modified":"2023-08-22T11:29:40","modified_gmt":"2023-08-22T08:29:40","slug":"contact","status":"publish","type":"page","link":"https:\/\/m-d2.com.tr\/en\/contact\/","title":{"rendered":"CONTACT"},"content":{"rendered":"<section class=\"l-section wpb_row height_custom\"><div class=\"l-section-h i-cf\"><div class=\"g-cols vc_row via_flex valign_top type_default stacking_default\" style=\"--additional-gap:10px;\"><div class=\"vc_col-sm-4 wpb_column vc_column_container\"><div class=\"vc_column-inner\"><div class=\"wpb_wrapper\"><div class=\"wpb_text_column\"><div class=\"wpb_wrapper\"><h3>CONTACT INFORMATION<\/h3>\n<\/div><\/div><div class=\"w-separator size_small\"><\/div><div class=\"wpb_text_column us_custom_029c40e5\"><div class=\"wpb_wrapper\"><p><strong>Teknokent Address (Central Office)<\/strong><\/p>\n<\/div><\/div><div class=\"w-iconbox iconpos_left style_circle color_secondary align_left no_text\"><a target=\"_blank\" rel=\"nofollow\" href=\"https:\/\/goo.gl\/maps\/9skhXof7pvJKq5Kz9\" class=\"w-iconbox-link\" aria-label=\"ODT\u00dc-Ostim Teknokent, Uzay \u00c7a\u011f\u0131 Bulvar\u0131, 1308. Sok. No:6\/Z9 Ostim, Yenimahalle, Ankara, T\u00fcrkiye, 06374\"><div class=\"w-iconbox-icon\" style=\"font-size:18px;\"><i class=\"fas fa-map-marker-alt\"><\/i><\/div><\/a><div class=\"w-iconbox-meta\"><a target=\"_blank\" rel=\"nofollow\" href=\"https:\/\/goo.gl\/maps\/9skhXof7pvJKq5Kz9\" class=\"w-iconbox-link\" aria-label=\"ODT\u00dc-Ostim Teknokent, Uzay \u00c7a\u011f\u0131 Bulvar\u0131, 1308. Sok. No:6\/Z9 Ostim, Yenimahalle, Ankara, T\u00fcrkiye, 06374\"><div class=\"w-iconbox-title\">ODT\u00dc-Ostim Teknokent, Uzay \u00c7a\u011f\u0131 Bulvar\u0131, 1308. Sok. No:6\/Z9 Ostim, Yenimahalle, Ankara, T\u00fcrkiye, 06374<\/div><\/a><\/div><\/div><div class=\"w-separator size_small\"><\/div><div class=\"wpb_text_column us_custom_029c40e5\"><div class=\"wpb_wrapper\"><p><strong>Workshop Address<\/strong><\/p>\n<\/div><\/div><div class=\"w-iconbox iconpos_left style_circle color_secondary align_left no_text\"><a target=\"_blank\" rel=\"nofollow\" href=\"https:\/\/goo.gl\/maps\/MtWoNLuZmEsdHxw4A\" class=\"w-iconbox-link\" aria-label=\"G\u00fclery\u00fcz Sanayi Sit. 1352. Sok. No:10, \u0130vedik Organize Sanayi, Yenimahalle, Ankara, T\u00fcrkiye, 06378\"><div class=\"w-iconbox-icon\" style=\"font-size:18px;\"><i class=\"fas fa-map-marker-alt\"><\/i><\/div><\/a><div class=\"w-iconbox-meta\"><a target=\"_blank\" rel=\"nofollow\" href=\"https:\/\/goo.gl\/maps\/MtWoNLuZmEsdHxw4A\" class=\"w-iconbox-link\" aria-label=\"G\u00fclery\u00fcz Sanayi Sit. 1352. Sok. No:10, \u0130vedik Organize Sanayi, Yenimahalle, Ankara, T\u00fcrkiye, 06378\"><div class=\"w-iconbox-title\">G\u00fclery\u00fcz Sanayi Sit. 1352. Sok. No:10, \u0130vedik Organize Sanayi, Yenimahalle, Ankara, T\u00fcrkiye, 06378<\/div><\/a><\/div><\/div><div class=\"w-separator size_small\"><\/div><div class=\"w-iconbox iconpos_left style_circle color_secondary align_left no_text\"><a href=\"tel:+903123858883\" class=\"w-iconbox-link\" aria-label=\"+90 (312) 385 88 83\"><div class=\"w-iconbox-icon\" style=\"font-size:18px;\"><i class=\"fas fa-phone\"><\/i><\/div><\/a><div class=\"w-iconbox-meta\"><a href=\"tel:+903123858883\" class=\"w-iconbox-link\" aria-label=\"+90 (312) 385 88 83\"><div class=\"w-iconbox-title\">+90 (312) 385 88 83<\/div><\/a><\/div><\/div><div class=\"w-separator size_small\"><\/div><div class=\"w-iconbox iconpos_left style_circle color_secondary align_left no_text\"><a href=\"mailto:info@m-d2.com.tr\" class=\"w-iconbox-link\" aria-label=\"info@m-d2.com.tr\"><div class=\"w-iconbox-icon\" style=\"font-size:18px;\"><i class=\"fas fa-envelope\"><\/i><\/div><\/a><div class=\"w-iconbox-meta\"><a href=\"mailto:info@m-d2.com.tr\" class=\"w-iconbox-link\" aria-label=\"info@m-d2.com.tr\"><div class=\"w-iconbox-title\">info@m-d2.com.tr<\/div><\/a><\/div><\/div><\/div><\/div><\/div><div class=\"vc_col-sm-8 wpb_column vc_column_container\"><div class=\"vc_column-inner\"><div class=\"wpb_wrapper\"><div class=\"wpb_text_column\"><div class=\"wpb_wrapper\"><h3>CONTACT US<\/h3>\n<\/div><\/div><div class=\"w-separator size_small\"><\/div><form class=\"w-form  layout_ver for_cform us_form_1\" autocomplete=\"off\" action=\"https:\/\/m-d2.com.tr\/en\/wp-json\/wp\/v2\/pages\/8316\" method=\"post\"><div class=\"w-form-h\"><div class=\"w-form-row for_text has_label\">\r\n\t\t\t<div class=\"w-form-row-label\">\r\n\t\t\t<span>Name Surname<\/span>\r\n\t\t<\/div>\r\n\t\t<div class=\"w-form-row-field\">\r\n\t\t\t\t\t\t<input aria-label=\"Name Surname\" type=\"text\" name=\"us_form_1_text_1\" value placeholder\/>\r\n\t\t\t<\/div>\r\n\t\t<div class=\"w-form-row-state\">Fill out this field<\/div>\r\n<\/div>\r\n<div class=\"w-form-row for_email has_label required\">\r\n\t\t\t<div class=\"w-form-row-label\">\r\n\t\t\t<span>E-Mail *<\/span>\r\n\t\t<\/div>\r\n\t\t<div class=\"w-form-row-field\">\r\n\t\t\t\t\t\t<input aria-label=\"E-Mail\" type=\"email\" name=\"us_form_1_email_1\" value placeholder data-required=\"true\" aria-required=\"true\"\/>\r\n\t\t\t<\/div>\r\n\t\t<div class=\"w-form-row-state\">Please enter a valid email address.<\/div>\r\n<\/div>\r\n<div class=\"w-form-row for_textarea has_label required\">\r\n\t\t\t<div class=\"w-form-row-label\">\r\n\t\t\t<span>Messages *<\/span>\r\n\t\t<\/div>\r\n\t\t<div class=\"w-form-row-field\">\r\n\t\t\t\t\t\t<textarea aria-label=\"Messages\" name=\"us_form_1_textarea_1\" placeholder data-required=\"true\" aria-required=\"true\"><\/textarea>\r\n\t\t\t<\/div>\r\n\t\t<div class=\"w-form-row-state\">Fill out this field<\/div>\r\n<\/div>\r\n<div class=\"w-form-row for_agreement required\">\r\n\t\t<div class=\"w-form-row-field\">\r\n\t\t\t\t<label>\r\n\t\t\t<input type=\"checkbox\" value=\"1\" data-required=\"true\" aria-required=\"true\" name=\"us_form_1_agreement_1\"\/>\r\n\t\t\t<span>I have read and accepted the <a href=\"https:\/\/m-d2.com.tr\/en\/pdpl-disclosure-text\/\" target=\"_blank\">Personal Data Protection Law<\/a>  disclosure text<\/span>\r\n\t\t<\/label>\r\n\t\t\t<\/div>\r\n\t\t<div class=\"w-form-row-state\">You need to agree with the terms to proceed<\/div>\r\n<\/div>\r\n<input type=\"hidden\" name=\"action\" value=\"us_ajax_cform\" \/>\r\n<input type=\"hidden\" name=\"post_id\" value=\"0\" \/>\r\n<input type=\"hidden\" name=\"form_index\" value=\"1\" \/>\r\n<div class=\"w-form-row for_submit  align_none\">\r\n\t<button class=\"w-btn  us-btn-style_1\" aria-label=\"Send\" type=\"submit\">\r\n\t\t<span class=\"g-preloader type_1\"><\/span>\r\n\t\t\t\t<span class=\"w-btn-label\">Send<\/span>\r\n\t\t\t<\/button>\r\n\t<\/div>\r\n<\/div><div class=\"w-form-message\"><\/div><div class=\"w-form-json hidden\" onclick='return {&quot;ajaxurl&quot;:&quot;https:\\\/\\\/m-d2.com.tr\\\/wp-admin\\\/admin-ajax.php&quot;,&quot;messages&quot;:{&quot;err_empty&quot;:&quot;Fill out this field&quot;,&quot;err_size&quot;:&quot;File size cannot exceed %s MB&quot;,&quot;err_extension&quot;:&quot;%s file type is not allowed&quot;}}'><\/div><\/form><\/div><\/div><\/div><\/div><\/div><\/section><section class=\"l-section wpb_row height_auto width_full\"><div class=\"l-section-h i-cf\"><div class=\"g-cols vc_row via_flex valign_top type_default stacking_default\"><div class=\"vc_col-sm-12 wpb_column vc_column_container\"><div class=\"vc_column-inner\"><div class=\"wpb_wrapper\"><div class=\"wpb_text_column us_custom_114a057e\"><div class=\"wpb_wrapper\"><p><iframe loading=\"lazy\" style=\"border: 0;\" src=\"https:\/\/www.google.com\/maps\/embed?pb=!1m18!1m12!1m3!1d3057.108078400334!2d32.750423999999995!3d39.983689999999996!2m3!1f0!2f0!3f0!3m2!1i1024!2i768!4f13.1!3m3!1m2!1s0x14d34c4629555075%3A0xe46e529a6053f469!2sM-D2%20M%C3%BChendislik!5e0!3m2!1str!2str!4v1691758071858!5m2!1str!2str\" width=\"100%\" height=\"400\" allowfullscreen=\"allowfullscreen\"><\/iframe><\/p>\n<\/div><\/div><\/div><\/div><\/div><\/div><\/div><\/section>\n","protected":false},"excerpt":{"rendered":"CONTACT INFORMATION Teknokent Address (Central Office) ODT\u00dc-Ostim Teknokent, Uzay \u00c7a\u011f\u0131 Bulvar\u0131, 1308. Sok. No:6\/Z9 Ostim, Yenimahalle, Ankara, T\u00fcrkiye, 06374Workshop Address G\u00fclery\u00fcz Sanayi Sit. 1352. Sok. No:10, \u0130vedik Organize Sanayi, Yenimahalle, Ankara, T\u00fcrkiye, 06378+90 (312) 385 88 83info@m-d2.com.trCONTACT US Name Surname Fill out this field E-Mail * Please enter a valid email address. Messages * Fill...","protected":false},"author":1,"featured_media":0,"parent":0,"menu_order":0,"comment_status":"closed","ping_status":"closed","template":"","meta":{"footnotes":""},"class_list":["post-8316","page","type-page","status-publish","hentry"],"_links":{"self":[{"href":"https:\/\/m-d2.com.tr\/en\/wp-json\/wp\/v2\/pages\/8316","targetHints":{"allow":["GET"]}}],"collection":[{"href":"https:\/\/m-d2.com.tr\/en\/wp-json\/wp\/v2\/pages"}],"about":[{"href":"https:\/\/m-d2.com.tr\/en\/wp-json\/wp\/v2\/types\/page"}],"author":[{"embeddable":true,"href":"https:\/\/m-d2.com.tr\/en\/wp-json\/wp\/v2\/users\/1"}],"replies":[{"embeddable":true,"href":"https:\/\/m-d2.com.tr\/en\/wp-json\/wp\/v2\/comments?post=8316"}],"version-history":[{"count":3,"href":"https:\/\/m-d2.com.tr\/en\/wp-json\/wp\/v2\/pages\/8316\/revisions"}],"predecessor-version":[{"id":8405,"href":"https:\/\/m-d2.com.tr\/en\/wp-json\/wp\/v2\/pages\/8316\/revisions\/8405"}],"wp:attachment":[{"href":"https:\/\/m-d2.com.tr\/en\/wp-json\/wp\/v2\/media?parent=8316"}],"curies":[{"name":"wp","href":"https:\/\/api.w.org\/{rel}","templated":true}]}}